{"id":8027,"date":"2024-08-25T13:42:53","date_gmt":"2024-08-25T13:42:53","guid":{"rendered":"https:\/\/www.notseig.fr\/?post_type=product&#038;p=8027"},"modified":"2024-10-02T12:27:22","modified_gmt":"2024-10-02T12:27:22","slug":"2-15","status":"publish","type":"product","link":"https:\/\/notseig.fr\/en\/product\/2-15\/","title":{"rendered":"\u00ab\u00a0X\u00a0\u00bb<br>Tirage d&rsquo;art"},"content":{"rendered":"<p class=\"p1\">Fine art prints on Hahnemuhle PhotoRag 308g pure cotton paper<\/p>\n<p class=\"p1\">\u00c9dition limit\u00e9e \u00e0 12 exemplaires (tous formats confondus) , sign\u00e9s, num\u00e9rot\u00e9s, avec certificat d&rsquo;authenticit\u00e9.<\/p>\n<p><b>\u0152uvre<\/b><strong> livr\u00e9e non encadr\u00e9e, roul\u00e9e.<\/strong><\/p>\n<p>&nbsp;<\/p>","protected":false},"excerpt":{"rendered":"<p>Tirages beaux-arts sur papier pur coton Hahnemuhle PhotoRag 308g \u00c9dition limit\u00e9e \u00e0 12 exemplaires (tous formats confondus) , sign\u00e9s, num\u00e9rot\u00e9s, avec certificat d&rsquo;authenticit\u00e9. \u0152uvre livr\u00e9e non encadr\u00e9e, roul\u00e9e. &nbsp;<\/p>","protected":false},"featured_media":8026,"comment_status":"open","ping_status":"closed","template":"","meta":[],"product_brand":[],"product_cat":[57,28],"product_tag":[],"class_list":{"0":"post-8027","1":"product","2":"type-product","3":"status-publish","4":"has-post-thumbnail","6":"product_cat-reproductions-artistique","7":"product_cat-dessins","9":"first","10":"instock","11":"shipping-taxable","12":"purchasable","13":"product-type-variable","14":"has-default-attributes"},"yoast_head":"<!-- This site is optimized with the Yoast SEO plugin v26.6 - https:\/\/yoast.com\/wordpress\/plugins\/seo\/ -->\n<title>&quot;X&quot;Tirage d&#039;art - Notseig<\/title>\n<meta name=\"robots\" content=\"index, follow, max-snippet:-1, max-image-preview:large, max-video-preview:-1\" \/>\n<link rel=\"canonical\" href=\"https:\/\/notseig.fr\/en\/product\/2-15\/\" \/>\n<meta property=\"og:locale\" content=\"en_US\" \/>\n<meta property=\"og:type\" content=\"article\" \/>\n<meta property=\"og:title\" content=\"&quot;X&quot;Tirage d&#039;art - Notseig\" \/>\n<meta property=\"og:description\" content=\"Tirages beaux-arts sur papier pur coton Hahnemuhle PhotoRag 308g \u00c9dition limit\u00e9e \u00e0 12 exemplaires (tous formats confondus) , sign\u00e9s, num\u00e9rot\u00e9s, avec certificat d&rsquo;authenticit\u00e9. \u0152uvre livr\u00e9e non encadr\u00e9e, roul\u00e9e. &nbsp;\" \/>\n<meta property=\"og:url\" content=\"https:\/\/notseig.fr\/en\/product\/2-15\/\" \/>\n<meta property=\"og:site_name\" content=\"Notseig\" \/>\n<meta property=\"article:modified_time\" content=\"2024-10-02T12:27:22+00:00\" \/>\n<meta property=\"og:image\" content=\"https:\/\/2o11nsbymvl.preview.infomaniak.website\/wp-content\/uploads\/2024\/08\/X-50x50-faces-1-scaled.jpg\" \/>\n\t<meta property=\"og:image:width\" content=\"1500\" \/>\n\t<meta property=\"og:image:height\" content=\"1500\" \/>\n\t<meta property=\"og:image:type\" content=\"image\/jpeg\" \/>\n<meta name=\"twitter:card\" content=\"summary_large_image\" \/>\n<meta name=\"twitter:label1\" content=\"Est. reading time\" \/>\n\t<meta name=\"twitter:data1\" content=\"1 minute\" \/>\n<script type=\"application\/ld+json\" class=\"yoast-schema-graph\">{\"@context\":\"https:\/\/schema.org\",\"@graph\":[{\"@type\":\"WebPage\",\"@id\":\"https:\/\/notseig.fr\/produit\/2-15\/\",\"url\":\"https:\/\/notseig.fr\/produit\/2-15\/\",\"name\":\"\\\"X\\\" Tirage d'art - Notseig\",\"isPartOf\":{\"@id\":\"https:\/\/notseig.fr\/#website\"},\"primaryImageOfPage\":{\"@id\":\"https:\/\/notseig.fr\/produit\/2-15\/#primaryimage\"},\"image\":{\"@id\":\"https:\/\/notseig.fr\/produit\/2-15\/#primaryimage\"},\"thumbnailUrl\":\"https:\/\/2o11nsbymvl.preview.infomaniak.website\/wp-content\/uploads\/2024\/08\/X-50x50-faces-1-scaled.jpg\",\"datePublished\":\"2024-08-25T13:42:53+00:00\",\"dateModified\":\"2024-10-02T12:27:22+00:00\",\"breadcrumb\":{\"@id\":\"https:\/\/notseig.fr\/produit\/2-15\/#breadcrumb\"},\"inLanguage\":\"en-US\",\"potentialAction\":[{\"@type\":\"ReadAction\",\"target\":[\"https:\/\/notseig.fr\/produit\/2-15\/\"]}]},{\"@type\":\"ImageObject\",\"inLanguage\":\"en-US\",\"@id\":\"https:\/\/notseig.fr\/produit\/2-15\/#primaryimage\",\"url\":\"https:\/\/2o11nsbymvl.preview.infomaniak.website\/wp-content\/uploads\/2024\/08\/X-50x50-faces-1-scaled.jpg\",\"contentUrl\":\"https:\/\/2o11nsbymvl.preview.infomaniak.website\/wp-content\/uploads\/2024\/08\/X-50x50-faces-1-scaled.jpg\",\"width\":1500,\"height\":1500},{\"@type\":\"BreadcrumbList\",\"@id\":\"https:\/\/notseig.fr\/produit\/2-15\/#breadcrumb\",\"itemListElement\":[{\"@type\":\"ListItem\",\"position\":1,\"name\":\"Accueil\",\"item\":\"https:\/\/notseig.fr\/\"},{\"@type\":\"ListItem\",\"position\":2,\"name\":\"Produits\",\"item\":\"https:\/\/notseig.fr\/shop\/\"},{\"@type\":\"ListItem\",\"position\":3,\"name\":\"\u00ab\u00a0X\u00a0\u00bbTirage d&rsquo;art\"}]},{\"@type\":\"WebSite\",\"@id\":\"https:\/\/notseig.fr\/#website\",\"url\":\"https:\/\/notseig.fr\/\",\"name\":\"Notseig\",\"description\":\"\",\"publisher\":{\"@id\":\"https:\/\/notseig.fr\/#\/schema\/person\/5bd818343fca3f6a29e95ee189439d8c\"},\"potentialAction\":[{\"@type\":\"SearchAction\",\"target\":{\"@type\":\"EntryPoint\",\"urlTemplate\":\"https:\/\/notseig.fr\/?s={search_term_string}\"},\"query-input\":{\"@type\":\"PropertyValueSpecification\",\"valueRequired\":true,\"valueName\":\"search_term_string\"}}],\"inLanguage\":\"en-US\"},{\"@type\":[\"Person\",\"Organization\"],\"@id\":\"https:\/\/notseig.fr\/#\/schema\/person\/5bd818343fca3f6a29e95ee189439d8c\",\"name\":\"Notseig\",\"image\":{\"@type\":\"ImageObject\",\"inLanguage\":\"en-US\",\"@id\":\"https:\/\/notseig.fr\/#\/schema\/person\/image\/\",\"url\":\"https:\/\/2o11nsbymvl.preview.infomaniak.website\/wp-content\/uploads\/2024\/09\/cropped-logo-2-scaled-1.jpg\",\"contentUrl\":\"https:\/\/2o11nsbymvl.preview.infomaniak.website\/wp-content\/uploads\/2024\/09\/cropped-logo-2-scaled-1.jpg\",\"width\":512,\"height\":512,\"caption\":\"Notseig\"},\"logo\":{\"@id\":\"https:\/\/notseig.fr\/#\/schema\/person\/image\/\"}}]}<\/script>\n<!-- \/ Yoast SEO plugin. -->","yoast_head_json":{"title":"\"X\"Tirage d'art - Notseig","robots":{"index":"index","follow":"follow","max-snippet":"max-snippet:-1","max-image-preview":"max-image-preview:large","max-video-preview":"max-video-preview:-1"},"canonical":"https:\/\/notseig.fr\/en\/product\/2-15\/","og_locale":"en_US","og_type":"article","og_title":"\"X\"Tirage d'art - Notseig","og_description":"Tirages beaux-arts sur papier pur coton Hahnemuhle PhotoRag 308g \u00c9dition limit\u00e9e \u00e0 12 exemplaires (tous formats confondus) , sign\u00e9s, num\u00e9rot\u00e9s, avec certificat d&rsquo;authenticit\u00e9. \u0152uvre livr\u00e9e non encadr\u00e9e, roul\u00e9e. &nbsp;","og_url":"https:\/\/notseig.fr\/en\/product\/2-15\/","og_site_name":"Notseig","article_modified_time":"2024-10-02T12:27:22+00:00","og_image":[{"width":1500,"height":1500,"url":"https:\/\/2o11nsbymvl.preview.infomaniak.website\/wp-content\/uploads\/2024\/08\/X-50x50-faces-1-scaled.jpg","type":"image\/jpeg"}],"twitter_card":"summary_large_image","twitter_misc":{"Est. reading time":"1 minute"},"schema":{"@context":"https:\/\/schema.org","@graph":[{"@type":"WebPage","@id":"https:\/\/notseig.fr\/produit\/2-15\/","url":"https:\/\/notseig.fr\/produit\/2-15\/","name":"\"X\" Tirage d'art - Notseig","isPartOf":{"@id":"https:\/\/notseig.fr\/#website"},"primaryImageOfPage":{"@id":"https:\/\/notseig.fr\/produit\/2-15\/#primaryimage"},"image":{"@id":"https:\/\/notseig.fr\/produit\/2-15\/#primaryimage"},"thumbnailUrl":"https:\/\/2o11nsbymvl.preview.infomaniak.website\/wp-content\/uploads\/2024\/08\/X-50x50-faces-1-scaled.jpg","datePublished":"2024-08-25T13:42:53+00:00","dateModified":"2024-10-02T12:27:22+00:00","breadcrumb":{"@id":"https:\/\/notseig.fr\/produit\/2-15\/#breadcrumb"},"inLanguage":"en-US","potentialAction":[{"@type":"ReadAction","target":["https:\/\/notseig.fr\/produit\/2-15\/"]}]},{"@type":"ImageObject","inLanguage":"en-US","@id":"https:\/\/notseig.fr\/produit\/2-15\/#primaryimage","url":"https:\/\/2o11nsbymvl.preview.infomaniak.website\/wp-content\/uploads\/2024\/08\/X-50x50-faces-1-scaled.jpg","contentUrl":"https:\/\/2o11nsbymvl.preview.infomaniak.website\/wp-content\/uploads\/2024\/08\/X-50x50-faces-1-scaled.jpg","width":1500,"height":1500},{"@type":"BreadcrumbList","@id":"https:\/\/notseig.fr\/produit\/2-15\/#breadcrumb","itemListElement":[{"@type":"ListItem","position":1,"name":"Accueil","item":"https:\/\/notseig.fr\/"},{"@type":"ListItem","position":2,"name":"Produits","item":"https:\/\/notseig.fr\/shop\/"},{"@type":"ListItem","position":3,"name":"\u00ab\u00a0X\u00a0\u00bbTirage d&rsquo;art"}]},{"@type":"WebSite","@id":"https:\/\/notseig.fr\/#website","url":"https:\/\/notseig.fr\/","name":"Notseig","description":"","publisher":{"@id":"https:\/\/notseig.fr\/#\/schema\/person\/5bd818343fca3f6a29e95ee189439d8c"},"potentialAction":[{"@type":"SearchAction","target":{"@type":"EntryPoint","urlTemplate":"https:\/\/notseig.fr\/?s={search_term_string}"},"query-input":{"@type":"PropertyValueSpecification","valueRequired":true,"valueName":"search_term_string"}}],"inLanguage":"en-US"},{"@type":["Person","Organization"],"@id":"https:\/\/notseig.fr\/#\/schema\/person\/5bd818343fca3f6a29e95ee189439d8c","name":"Notseig","image":{"@type":"ImageObject","inLanguage":"en-US","@id":"https:\/\/notseig.fr\/#\/schema\/person\/image\/","url":"https:\/\/2o11nsbymvl.preview.infomaniak.website\/wp-content\/uploads\/2024\/09\/cropped-logo-2-scaled-1.jpg","contentUrl":"https:\/\/2o11nsbymvl.preview.infomaniak.website\/wp-content\/uploads\/2024\/09\/cropped-logo-2-scaled-1.jpg","width":512,"height":512,"caption":"Notseig"},"logo":{"@id":"https:\/\/notseig.fr\/#\/schema\/person\/image\/"}}]}},"_links":{"self":[{"href":"https:\/\/notseig.fr\/en\/wp-json\/wp\/v2\/product\/8027","targetHints":{"allow":["GET"]}}],"collection":[{"href":"https:\/\/notseig.fr\/en\/wp-json\/wp\/v2\/product"}],"about":[{"href":"https:\/\/notseig.fr\/en\/wp-json\/wp\/v2\/types\/product"}],"replies":[{"embeddable":true,"href":"https:\/\/notseig.fr\/en\/wp-json\/wp\/v2\/comments?post=8027"}],"version-history":[{"count":4,"href":"https:\/\/notseig.fr\/en\/wp-json\/wp\/v2\/product\/8027\/revisions"}],"predecessor-version":[{"id":8560,"href":"https:\/\/notseig.fr\/en\/wp-json\/wp\/v2\/product\/8027\/revisions\/8560"}],"wp:featuredmedia":[{"embeddable":true,"href":"https:\/\/notseig.fr\/en\/wp-json\/wp\/v2\/media\/8026"}],"wp:attachment":[{"href":"https:\/\/notseig.fr\/en\/wp-json\/wp\/v2\/media?parent=8027"}],"wp:term":[{"taxonomy":"product_brand","embeddable":true,"href":"https:\/\/notseig.fr\/en\/wp-json\/wp\/v2\/product_brand?post=8027"},{"taxonomy":"product_cat","embeddable":true,"href":"https:\/\/notseig.fr\/en\/wp-json\/wp\/v2\/product_cat?post=8027"},{"taxonomy":"product_tag","embeddable":true,"href":"https:\/\/notseig.fr\/en\/wp-json\/wp\/v2\/product_tag?post=8027"}],"curies":[{"name":"wp","href":"https:\/\/api.w.org\/{rel}","templated":true}]}}