{"id":8969,"date":"2024-11-12T17:04:39","date_gmt":"2024-11-12T17:04:39","guid":{"rendered":"https:\/\/www.notseig.fr\/?post_type=product&#038;p=8969"},"modified":"2025-01-29T20:19:18","modified_gmt":"2025-01-29T20:19:18","slug":"2-37","status":"publish","type":"product","link":"https:\/\/notseig.fr\/en\/product\/2-37\/","title":{"rendered":"\u00ab\u00a0The beast\u00a0\u00bb <br>Oeuvre Unique"},"content":{"rendered":"<p>Oeuvre Unique sur toile (60&#215;80), sign\u00e9e, avec certificat d&rsquo;authenticit\u00e9.<\/p>\n<p><strong>Encadr\u00e9e par l&rsquo;artiste en ch\u00eane massif\u00a0<\/strong><\/p>","protected":false},"excerpt":{"rendered":"<p>Oeuvre Unique sur toile (60&#215;80), sign\u00e9e, avec certificat d&rsquo;authenticit\u00e9. Encadr\u00e9e par l&rsquo;artiste en ch\u00eane massif\u00a0<\/p>","protected":false},"featured_media":8970,"comment_status":"open","ping_status":"closed","template":"","meta":[],"product_brand":[],"product_cat":[58,42],"product_tag":[],"class_list":{"0":"post-8969","1":"product","2":"type-product","3":"status-publish","4":"has-post-thumbnail","6":"product_cat-oeuvres-uniques","7":"product_cat-peintures","9":"first","10":"instock","11":"shipping-taxable","12":"purchasable","13":"product-type-simple"},"yoast_head":"<!-- This site is optimized with the Yoast SEO plugin v26.6 - https:\/\/yoast.com\/wordpress\/plugins\/seo\/ -->\n<title>&quot;The beast&quot; Oeuvre Unique - Notseig<\/title>\n<meta name=\"robots\" content=\"index, follow, max-snippet:-1, max-image-preview:large, max-video-preview:-1\" \/>\n<link rel=\"canonical\" href=\"https:\/\/notseig.fr\/en\/product\/2-37\/\" \/>\n<meta property=\"og:locale\" content=\"en_US\" \/>\n<meta property=\"og:type\" content=\"article\" \/>\n<meta property=\"og:title\" content=\"&quot;The beast&quot; Oeuvre Unique - Notseig\" \/>\n<meta property=\"og:description\" content=\"Oeuvre Unique sur toile (60&#215;80), sign\u00e9e, avec certificat d&rsquo;authenticit\u00e9. Encadr\u00e9e par l&rsquo;artiste en ch\u00eane massif\u00a0\" \/>\n<meta property=\"og:url\" content=\"https:\/\/notseig.fr\/en\/product\/2-37\/\" \/>\n<meta property=\"og:site_name\" content=\"Notseig\" \/>\n<meta property=\"article:modified_time\" content=\"2025-01-29T20:19:18+00:00\" \/>\n<meta property=\"og:image\" content=\"https:\/\/2o11nsbymvl.preview.infomaniak.website\/wp-content\/uploads\/2024\/11\/1-def-seul-e1731443314114.jpg\" \/>\n\t<meta property=\"og:image:width\" content=\"1120\" \/>\n\t<meta property=\"og:image:height\" content=\"1400\" \/>\n\t<meta property=\"og:image:type\" content=\"image\/jpeg\" \/>\n<meta name=\"twitter:card\" content=\"summary_large_image\" \/>\n<meta name=\"twitter:label1\" content=\"Est. reading time\" \/>\n\t<meta name=\"twitter:data1\" content=\"1 minute\" \/>\n<script type=\"application\/ld+json\" class=\"yoast-schema-graph\">{\"@context\":\"https:\/\/schema.org\",\"@graph\":[{\"@type\":\"WebPage\",\"@id\":\"https:\/\/notseig.fr\/produit\/2-37\/\",\"url\":\"https:\/\/notseig.fr\/produit\/2-37\/\",\"name\":\"\\\"The beast\\\" Oeuvre Unique - Notseig\",\"isPartOf\":{\"@id\":\"https:\/\/notseig.fr\/#website\"},\"primaryImageOfPage\":{\"@id\":\"https:\/\/notseig.fr\/produit\/2-37\/#primaryimage\"},\"image\":{\"@id\":\"https:\/\/notseig.fr\/produit\/2-37\/#primaryimage\"},\"thumbnailUrl\":\"https:\/\/2o11nsbymvl.preview.infomaniak.website\/wp-content\/uploads\/2024\/11\/1-def-seul-e1731443314114.jpg\",\"datePublished\":\"2024-11-12T17:04:39+00:00\",\"dateModified\":\"2025-01-29T20:19:18+00:00\",\"breadcrumb\":{\"@id\":\"https:\/\/notseig.fr\/produit\/2-37\/#breadcrumb\"},\"inLanguage\":\"en-US\",\"potentialAction\":[{\"@type\":\"ReadAction\",\"target\":[\"https:\/\/notseig.fr\/produit\/2-37\/\"]}]},{\"@type\":\"ImageObject\",\"inLanguage\":\"en-US\",\"@id\":\"https:\/\/notseig.fr\/produit\/2-37\/#primaryimage\",\"url\":\"https:\/\/2o11nsbymvl.preview.infomaniak.website\/wp-content\/uploads\/2024\/11\/1-def-seul-e1731443314114.jpg\",\"contentUrl\":\"https:\/\/2o11nsbymvl.preview.infomaniak.website\/wp-content\/uploads\/2024\/11\/1-def-seul-e1731443314114.jpg\",\"width\":1120,\"height\":1400},{\"@type\":\"BreadcrumbList\",\"@id\":\"https:\/\/notseig.fr\/produit\/2-37\/#breadcrumb\",\"itemListElement\":[{\"@type\":\"ListItem\",\"position\":1,\"name\":\"Accueil\",\"item\":\"https:\/\/notseig.fr\/\"},{\"@type\":\"ListItem\",\"position\":2,\"name\":\"Produits\",\"item\":\"https:\/\/notseig.fr\/shop\/\"},{\"@type\":\"ListItem\",\"position\":3,\"name\":\"\u00ab\u00a0The beast\u00a0\u00bb Oeuvre Unique\"}]},{\"@type\":\"WebSite\",\"@id\":\"https:\/\/notseig.fr\/#website\",\"url\":\"https:\/\/notseig.fr\/\",\"name\":\"Notseig\",\"description\":\"\",\"publisher\":{\"@id\":\"https:\/\/notseig.fr\/#\/schema\/person\/5bd818343fca3f6a29e95ee189439d8c\"},\"potentialAction\":[{\"@type\":\"SearchAction\",\"target\":{\"@type\":\"EntryPoint\",\"urlTemplate\":\"https:\/\/notseig.fr\/?s={search_term_string}\"},\"query-input\":{\"@type\":\"PropertyValueSpecification\",\"valueRequired\":true,\"valueName\":\"search_term_string\"}}],\"inLanguage\":\"en-US\"},{\"@type\":[\"Person\",\"Organization\"],\"@id\":\"https:\/\/notseig.fr\/#\/schema\/person\/5bd818343fca3f6a29e95ee189439d8c\",\"name\":\"Notseig\",\"image\":{\"@type\":\"ImageObject\",\"inLanguage\":\"en-US\",\"@id\":\"https:\/\/notseig.fr\/#\/schema\/person\/image\/\",\"url\":\"https:\/\/2o11nsbymvl.preview.infomaniak.website\/wp-content\/uploads\/2024\/09\/cropped-logo-2-scaled-1.jpg\",\"contentUrl\":\"https:\/\/2o11nsbymvl.preview.infomaniak.website\/wp-content\/uploads\/2024\/09\/cropped-logo-2-scaled-1.jpg\",\"width\":512,\"height\":512,\"caption\":\"Notseig\"},\"logo\":{\"@id\":\"https:\/\/notseig.fr\/#\/schema\/person\/image\/\"}}]}<\/script>\n<!-- \/ Yoast SEO plugin. -->","yoast_head_json":{"title":"\"The beast\" Oeuvre Unique - Notseig","robots":{"index":"index","follow":"follow","max-snippet":"max-snippet:-1","max-image-preview":"max-image-preview:large","max-video-preview":"max-video-preview:-1"},"canonical":"https:\/\/notseig.fr\/en\/product\/2-37\/","og_locale":"en_US","og_type":"article","og_title":"\"The beast\" Oeuvre Unique - Notseig","og_description":"Oeuvre Unique sur toile (60&#215;80), sign\u00e9e, avec certificat d&rsquo;authenticit\u00e9. Encadr\u00e9e par l&rsquo;artiste en ch\u00eane massif\u00a0","og_url":"https:\/\/notseig.fr\/en\/product\/2-37\/","og_site_name":"Notseig","article_modified_time":"2025-01-29T20:19:18+00:00","og_image":[{"width":1120,"height":1400,"url":"https:\/\/2o11nsbymvl.preview.infomaniak.website\/wp-content\/uploads\/2024\/11\/1-def-seul-e1731443314114.jpg","type":"image\/jpeg"}],"twitter_card":"summary_large_image","twitter_misc":{"Est. reading time":"1 minute"},"schema":{"@context":"https:\/\/schema.org","@graph":[{"@type":"WebPage","@id":"https:\/\/notseig.fr\/produit\/2-37\/","url":"https:\/\/notseig.fr\/produit\/2-37\/","name":"\"The beast\" Oeuvre Unique - Notseig","isPartOf":{"@id":"https:\/\/notseig.fr\/#website"},"primaryImageOfPage":{"@id":"https:\/\/notseig.fr\/produit\/2-37\/#primaryimage"},"image":{"@id":"https:\/\/notseig.fr\/produit\/2-37\/#primaryimage"},"thumbnailUrl":"https:\/\/2o11nsbymvl.preview.infomaniak.website\/wp-content\/uploads\/2024\/11\/1-def-seul-e1731443314114.jpg","datePublished":"2024-11-12T17:04:39+00:00","dateModified":"2025-01-29T20:19:18+00:00","breadcrumb":{"@id":"https:\/\/notseig.fr\/produit\/2-37\/#breadcrumb"},"inLanguage":"en-US","potentialAction":[{"@type":"ReadAction","target":["https:\/\/notseig.fr\/produit\/2-37\/"]}]},{"@type":"ImageObject","inLanguage":"en-US","@id":"https:\/\/notseig.fr\/produit\/2-37\/#primaryimage","url":"https:\/\/2o11nsbymvl.preview.infomaniak.website\/wp-content\/uploads\/2024\/11\/1-def-seul-e1731443314114.jpg","contentUrl":"https:\/\/2o11nsbymvl.preview.infomaniak.website\/wp-content\/uploads\/2024\/11\/1-def-seul-e1731443314114.jpg","width":1120,"height":1400},{"@type":"BreadcrumbList","@id":"https:\/\/notseig.fr\/produit\/2-37\/#breadcrumb","itemListElement":[{"@type":"ListItem","position":1,"name":"Accueil","item":"https:\/\/notseig.fr\/"},{"@type":"ListItem","position":2,"name":"Produits","item":"https:\/\/notseig.fr\/shop\/"},{"@type":"ListItem","position":3,"name":"\u00ab\u00a0The beast\u00a0\u00bb Oeuvre Unique"}]},{"@type":"WebSite","@id":"https:\/\/notseig.fr\/#website","url":"https:\/\/notseig.fr\/","name":"Notseig","description":"","publisher":{"@id":"https:\/\/notseig.fr\/#\/schema\/person\/5bd818343fca3f6a29e95ee189439d8c"},"potentialAction":[{"@type":"SearchAction","target":{"@type":"EntryPoint","urlTemplate":"https:\/\/notseig.fr\/?s={search_term_string}"},"query-input":{"@type":"PropertyValueSpecification","valueRequired":true,"valueName":"search_term_string"}}],"inLanguage":"en-US"},{"@type":["Person","Organization"],"@id":"https:\/\/notseig.fr\/#\/schema\/person\/5bd818343fca3f6a29e95ee189439d8c","name":"Notseig","image":{"@type":"ImageObject","inLanguage":"en-US","@id":"https:\/\/notseig.fr\/#\/schema\/person\/image\/","url":"https:\/\/2o11nsbymvl.preview.infomaniak.website\/wp-content\/uploads\/2024\/09\/cropped-logo-2-scaled-1.jpg","contentUrl":"https:\/\/2o11nsbymvl.preview.infomaniak.website\/wp-content\/uploads\/2024\/09\/cropped-logo-2-scaled-1.jpg","width":512,"height":512,"caption":"Notseig"},"logo":{"@id":"https:\/\/notseig.fr\/#\/schema\/person\/image\/"}}]}},"_links":{"self":[{"href":"https:\/\/notseig.fr\/en\/wp-json\/wp\/v2\/product\/8969","targetHints":{"allow":["GET"]}}],"collection":[{"href":"https:\/\/notseig.fr\/en\/wp-json\/wp\/v2\/product"}],"about":[{"href":"https:\/\/notseig.fr\/en\/wp-json\/wp\/v2\/types\/product"}],"replies":[{"embeddable":true,"href":"https:\/\/notseig.fr\/en\/wp-json\/wp\/v2\/comments?post=8969"}],"version-history":[{"count":5,"href":"https:\/\/notseig.fr\/en\/wp-json\/wp\/v2\/product\/8969\/revisions"}],"predecessor-version":[{"id":9083,"href":"https:\/\/notseig.fr\/en\/wp-json\/wp\/v2\/product\/8969\/revisions\/9083"}],"wp:featuredmedia":[{"embeddable":true,"href":"https:\/\/notseig.fr\/en\/wp-json\/wp\/v2\/media\/8970"}],"wp:attachment":[{"href":"https:\/\/notseig.fr\/en\/wp-json\/wp\/v2\/media?parent=8969"}],"wp:term":[{"taxonomy":"product_brand","embeddable":true,"href":"https:\/\/notseig.fr\/en\/wp-json\/wp\/v2\/product_brand?post=8969"},{"taxonomy":"product_cat","embeddable":true,"href":"https:\/\/notseig.fr\/en\/wp-json\/wp\/v2\/product_cat?post=8969"},{"taxonomy":"product_tag","embeddable":true,"href":"https:\/\/notseig.fr\/en\/wp-json\/wp\/v2\/product_tag?post=8969"}],"curies":[{"name":"wp","href":"https:\/\/api.w.org\/{rel}","templated":true}]}}