{"id":8994,"date":"2024-11-12T17:27:34","date_gmt":"2024-11-12T17:27:34","guid":{"rendered":"https:\/\/www.notseig.fr\/?post_type=product&#038;p=8994"},"modified":"2024-12-11T11:17:43","modified_gmt":"2024-12-11T11:17:43","slug":"2-40","status":"publish","type":"product","link":"https:\/\/notseig.fr\/en\/product\/2-40\/","title":{"rendered":"\u00ab\u00a0Ship\u00a0\u00bb <br>Oeuvre Unique"},"content":{"rendered":"<p class=\"p1\">L&rsquo;arche de Not ?<\/p>\n<p class=\"p1\">apr\u00e8s tout, il faut de tout pour faire un monde&#8230;<\/p>\n<p>&nbsp;<\/p>\n<p>Oeuvre Unique \u00e0 l&rsquo;Encre et Acrylique sur Bristol, sign\u00e9e, avec certificat d&rsquo;authenticit\u00e9.<\/p>\n<p><strong>Encadr\u00e9e par l&rsquo;artiste, ch\u00eane massif avec r\u00e9hausse, et verre qualit\u00e9 mus\u00e9e (reflet r\u00e9siduel bleut\u00e9).<\/strong><\/p>\n<p>2024<\/p>","protected":false},"excerpt":{"rendered":"<p>L&rsquo;arche de Not ? apr\u00e8s tout, il faut de tout pour faire un monde&#8230; &nbsp; Oeuvre Unique \u00e0 l&rsquo;Encre et Acrylique sur Bristol, sign\u00e9e, avec certificat d&rsquo;authenticit\u00e9. Encadr\u00e9e par l&rsquo;artiste, ch\u00eane massif avec r\u00e9hausse, et verre qualit\u00e9 mus\u00e9e (reflet r\u00e9siduel bleut\u00e9). 2024<\/p>","protected":false},"featured_media":8995,"comment_status":"open","ping_status":"closed","template":"","meta":[],"product_brand":[],"product_cat":[28,58],"product_tag":[],"class_list":{"0":"post-8994","1":"product","2":"type-product","3":"status-publish","4":"has-post-thumbnail","6":"product_cat-dessins","7":"product_cat-oeuvres-uniques","9":"first","10":"instock","11":"shipping-taxable","12":"purchasable","13":"product-type-simple"},"yoast_head":"<!-- This site is optimized with the Yoast SEO plugin v26.6 - https:\/\/yoast.com\/wordpress\/plugins\/seo\/ -->\n<title>&quot;Ship&quot; Oeuvre Unique - Notseig<\/title>\n<meta name=\"robots\" content=\"index, follow, max-snippet:-1, max-image-preview:large, max-video-preview:-1\" \/>\n<link rel=\"canonical\" href=\"https:\/\/notseig.fr\/en\/product\/2-40\/\" \/>\n<meta property=\"og:locale\" content=\"en_US\" \/>\n<meta property=\"og:type\" content=\"article\" \/>\n<meta property=\"og:title\" content=\"&quot;Ship&quot; Oeuvre Unique - Notseig\" \/>\n<meta property=\"og:description\" content=\"L&rsquo;arche de Not ? apr\u00e8s tout, il faut de tout pour faire un monde&#8230; &nbsp; Oeuvre Unique \u00e0 l&rsquo;Encre et Acrylique sur Bristol, sign\u00e9e, avec certificat d&rsquo;authenticit\u00e9. Encadr\u00e9e par l&rsquo;artiste, ch\u00eane massif avec r\u00e9hausse, et verre qualit\u00e9 mus\u00e9e (reflet r\u00e9siduel bleut\u00e9). 2024\" \/>\n<meta property=\"og:url\" content=\"https:\/\/notseig.fr\/en\/product\/2-40\/\" \/>\n<meta property=\"og:site_name\" content=\"Notseig\" \/>\n<meta property=\"article:modified_time\" content=\"2024-12-11T11:17:43+00:00\" \/>\n<meta property=\"og:image\" content=\"https:\/\/2o11nsbymvl.preview.infomaniak.website\/wp-content\/uploads\/2024\/11\/DSC3368-e1731442888656.jpg\" \/>\n\t<meta property=\"og:image:width\" content=\"1000\" \/>\n\t<meta property=\"og:image:height\" content=\"1250\" \/>\n\t<meta property=\"og:image:type\" content=\"image\/jpeg\" \/>\n<meta name=\"twitter:card\" content=\"summary_large_image\" \/>\n<meta name=\"twitter:label1\" content=\"Est. reading time\" \/>\n\t<meta name=\"twitter:data1\" content=\"1 minute\" \/>\n<script type=\"application\/ld+json\" class=\"yoast-schema-graph\">{\"@context\":\"https:\/\/schema.org\",\"@graph\":[{\"@type\":\"WebPage\",\"@id\":\"https:\/\/notseig.fr\/produit\/2-40\/\",\"url\":\"https:\/\/notseig.fr\/produit\/2-40\/\",\"name\":\"\\\"Ship\\\" Oeuvre Unique - Notseig\",\"isPartOf\":{\"@id\":\"https:\/\/notseig.fr\/#website\"},\"primaryImageOfPage\":{\"@id\":\"https:\/\/notseig.fr\/produit\/2-40\/#primaryimage\"},\"image\":{\"@id\":\"https:\/\/notseig.fr\/produit\/2-40\/#primaryimage\"},\"thumbnailUrl\":\"https:\/\/2o11nsbymvl.preview.infomaniak.website\/wp-content\/uploads\/2024\/11\/DSC3368-e1731442888656.jpg\",\"datePublished\":\"2024-11-12T17:27:34+00:00\",\"dateModified\":\"2024-12-11T11:17:43+00:00\",\"breadcrumb\":{\"@id\":\"https:\/\/notseig.fr\/produit\/2-40\/#breadcrumb\"},\"inLanguage\":\"en-US\",\"potentialAction\":[{\"@type\":\"ReadAction\",\"target\":[\"https:\/\/notseig.fr\/produit\/2-40\/\"]}]},{\"@type\":\"ImageObject\",\"inLanguage\":\"en-US\",\"@id\":\"https:\/\/notseig.fr\/produit\/2-40\/#primaryimage\",\"url\":\"https:\/\/2o11nsbymvl.preview.infomaniak.website\/wp-content\/uploads\/2024\/11\/DSC3368-e1731442888656.jpg\",\"contentUrl\":\"https:\/\/2o11nsbymvl.preview.infomaniak.website\/wp-content\/uploads\/2024\/11\/DSC3368-e1731442888656.jpg\",\"width\":1000,\"height\":1250},{\"@type\":\"BreadcrumbList\",\"@id\":\"https:\/\/notseig.fr\/produit\/2-40\/#breadcrumb\",\"itemListElement\":[{\"@type\":\"ListItem\",\"position\":1,\"name\":\"Accueil\",\"item\":\"https:\/\/notseig.fr\/\"},{\"@type\":\"ListItem\",\"position\":2,\"name\":\"Produits\",\"item\":\"https:\/\/notseig.fr\/shop\/\"},{\"@type\":\"ListItem\",\"position\":3,\"name\":\"\u00ab\u00a0Ship\u00a0\u00bb Oeuvre Unique\"}]},{\"@type\":\"WebSite\",\"@id\":\"https:\/\/notseig.fr\/#website\",\"url\":\"https:\/\/notseig.fr\/\",\"name\":\"Notseig\",\"description\":\"\",\"publisher\":{\"@id\":\"https:\/\/notseig.fr\/#\/schema\/person\/5bd818343fca3f6a29e95ee189439d8c\"},\"potentialAction\":[{\"@type\":\"SearchAction\",\"target\":{\"@type\":\"EntryPoint\",\"urlTemplate\":\"https:\/\/notseig.fr\/?s={search_term_string}\"},\"query-input\":{\"@type\":\"PropertyValueSpecification\",\"valueRequired\":true,\"valueName\":\"search_term_string\"}}],\"inLanguage\":\"en-US\"},{\"@type\":[\"Person\",\"Organization\"],\"@id\":\"https:\/\/notseig.fr\/#\/schema\/person\/5bd818343fca3f6a29e95ee189439d8c\",\"name\":\"Notseig\",\"image\":{\"@type\":\"ImageObject\",\"inLanguage\":\"en-US\",\"@id\":\"https:\/\/notseig.fr\/#\/schema\/person\/image\/\",\"url\":\"https:\/\/2o11nsbymvl.preview.infomaniak.website\/wp-content\/uploads\/2024\/09\/cropped-logo-2-scaled-1.jpg\",\"contentUrl\":\"https:\/\/2o11nsbymvl.preview.infomaniak.website\/wp-content\/uploads\/2024\/09\/cropped-logo-2-scaled-1.jpg\",\"width\":512,\"height\":512,\"caption\":\"Notseig\"},\"logo\":{\"@id\":\"https:\/\/notseig.fr\/#\/schema\/person\/image\/\"}}]}<\/script>\n<!-- \/ Yoast SEO plugin. -->","yoast_head_json":{"title":"\"Ship\" Oeuvre Unique - Notseig","robots":{"index":"index","follow":"follow","max-snippet":"max-snippet:-1","max-image-preview":"max-image-preview:large","max-video-preview":"max-video-preview:-1"},"canonical":"https:\/\/notseig.fr\/en\/product\/2-40\/","og_locale":"en_US","og_type":"article","og_title":"\"Ship\" Oeuvre Unique - Notseig","og_description":"L&rsquo;arche de Not ? apr\u00e8s tout, il faut de tout pour faire un monde&#8230; &nbsp; Oeuvre Unique \u00e0 l&rsquo;Encre et Acrylique sur Bristol, sign\u00e9e, avec certificat d&rsquo;authenticit\u00e9. Encadr\u00e9e par l&rsquo;artiste, ch\u00eane massif avec r\u00e9hausse, et verre qualit\u00e9 mus\u00e9e (reflet r\u00e9siduel bleut\u00e9). 2024","og_url":"https:\/\/notseig.fr\/en\/product\/2-40\/","og_site_name":"Notseig","article_modified_time":"2024-12-11T11:17:43+00:00","og_image":[{"width":1000,"height":1250,"url":"https:\/\/2o11nsbymvl.preview.infomaniak.website\/wp-content\/uploads\/2024\/11\/DSC3368-e1731442888656.jpg","type":"image\/jpeg"}],"twitter_card":"summary_large_image","twitter_misc":{"Est. reading time":"1 minute"},"schema":{"@context":"https:\/\/schema.org","@graph":[{"@type":"WebPage","@id":"https:\/\/notseig.fr\/produit\/2-40\/","url":"https:\/\/notseig.fr\/produit\/2-40\/","name":"\"Ship\" Oeuvre Unique - Notseig","isPartOf":{"@id":"https:\/\/notseig.fr\/#website"},"primaryImageOfPage":{"@id":"https:\/\/notseig.fr\/produit\/2-40\/#primaryimage"},"image":{"@id":"https:\/\/notseig.fr\/produit\/2-40\/#primaryimage"},"thumbnailUrl":"https:\/\/2o11nsbymvl.preview.infomaniak.website\/wp-content\/uploads\/2024\/11\/DSC3368-e1731442888656.jpg","datePublished":"2024-11-12T17:27:34+00:00","dateModified":"2024-12-11T11:17:43+00:00","breadcrumb":{"@id":"https:\/\/notseig.fr\/produit\/2-40\/#breadcrumb"},"inLanguage":"en-US","potentialAction":[{"@type":"ReadAction","target":["https:\/\/notseig.fr\/produit\/2-40\/"]}]},{"@type":"ImageObject","inLanguage":"en-US","@id":"https:\/\/notseig.fr\/produit\/2-40\/#primaryimage","url":"https:\/\/2o11nsbymvl.preview.infomaniak.website\/wp-content\/uploads\/2024\/11\/DSC3368-e1731442888656.jpg","contentUrl":"https:\/\/2o11nsbymvl.preview.infomaniak.website\/wp-content\/uploads\/2024\/11\/DSC3368-e1731442888656.jpg","width":1000,"height":1250},{"@type":"BreadcrumbList","@id":"https:\/\/notseig.fr\/produit\/2-40\/#breadcrumb","itemListElement":[{"@type":"ListItem","position":1,"name":"Accueil","item":"https:\/\/notseig.fr\/"},{"@type":"ListItem","position":2,"name":"Produits","item":"https:\/\/notseig.fr\/shop\/"},{"@type":"ListItem","position":3,"name":"\u00ab\u00a0Ship\u00a0\u00bb Oeuvre Unique"}]},{"@type":"WebSite","@id":"https:\/\/notseig.fr\/#website","url":"https:\/\/notseig.fr\/","name":"Notseig","description":"","publisher":{"@id":"https:\/\/notseig.fr\/#\/schema\/person\/5bd818343fca3f6a29e95ee189439d8c"},"potentialAction":[{"@type":"SearchAction","target":{"@type":"EntryPoint","urlTemplate":"https:\/\/notseig.fr\/?s={search_term_string}"},"query-input":{"@type":"PropertyValueSpecification","valueRequired":true,"valueName":"search_term_string"}}],"inLanguage":"en-US"},{"@type":["Person","Organization"],"@id":"https:\/\/notseig.fr\/#\/schema\/person\/5bd818343fca3f6a29e95ee189439d8c","name":"Notseig","image":{"@type":"ImageObject","inLanguage":"en-US","@id":"https:\/\/notseig.fr\/#\/schema\/person\/image\/","url":"https:\/\/2o11nsbymvl.preview.infomaniak.website\/wp-content\/uploads\/2024\/09\/cropped-logo-2-scaled-1.jpg","contentUrl":"https:\/\/2o11nsbymvl.preview.infomaniak.website\/wp-content\/uploads\/2024\/09\/cropped-logo-2-scaled-1.jpg","width":512,"height":512,"caption":"Notseig"},"logo":{"@id":"https:\/\/notseig.fr\/#\/schema\/person\/image\/"}}]}},"_links":{"self":[{"href":"https:\/\/notseig.fr\/en\/wp-json\/wp\/v2\/product\/8994","targetHints":{"allow":["GET"]}}],"collection":[{"href":"https:\/\/notseig.fr\/en\/wp-json\/wp\/v2\/product"}],"about":[{"href":"https:\/\/notseig.fr\/en\/wp-json\/wp\/v2\/types\/product"}],"replies":[{"embeddable":true,"href":"https:\/\/notseig.fr\/en\/wp-json\/wp\/v2\/comments?post=8994"}],"version-history":[{"count":7,"href":"https:\/\/notseig.fr\/en\/wp-json\/wp\/v2\/product\/8994\/revisions"}],"predecessor-version":[{"id":9117,"href":"https:\/\/notseig.fr\/en\/wp-json\/wp\/v2\/product\/8994\/revisions\/9117"}],"wp:featuredmedia":[{"embeddable":true,"href":"https:\/\/notseig.fr\/en\/wp-json\/wp\/v2\/media\/8995"}],"wp:attachment":[{"href":"https:\/\/notseig.fr\/en\/wp-json\/wp\/v2\/media?parent=8994"}],"wp:term":[{"taxonomy":"product_brand","embeddable":true,"href":"https:\/\/notseig.fr\/en\/wp-json\/wp\/v2\/product_brand?post=8994"},{"taxonomy":"product_cat","embeddable":true,"href":"https:\/\/notseig.fr\/en\/wp-json\/wp\/v2\/product_cat?post=8994"},{"taxonomy":"product_tag","embeddable":true,"href":"https:\/\/notseig.fr\/en\/wp-json\/wp\/v2\/product_tag?post=8994"}],"curies":[{"name":"wp","href":"https:\/\/api.w.org\/{rel}","templated":true}]}}