{"id":9461,"date":"2025-08-19T20:18:55","date_gmt":"2025-08-19T20:18:55","guid":{"rendered":"https:\/\/www.notseig.fr\/?post_type=product&#038;p=9461"},"modified":"2025-08-19T20:23:48","modified_gmt":"2025-08-19T20:23:48","slug":"la-mere-oeuvre-unique","status":"publish","type":"product","link":"https:\/\/notseig.fr\/en\/product\/la-mere-oeuvre-unique\/","title":{"rendered":"\u00ab\u00a0La M\u00e8re\u00a0\u00bb <br> Oeuvre Unique"},"content":{"rendered":"<p class=\"p1\">On parle souvent du calme avant la temp\u00eate, mais jamais du calme apr\u00e8s celle-ci.<br \/>\nNot, ce petit \u00eatre qui vit dans mes toiles, continue d\u2019avancer, m\u00eame quand tout semble s\u2019\u00e9craser sur lui.<br \/>\nParce qu\u2019au fond, nous sommes tous dans la m\u00eame barque : fragiles, perdus parfois, mais capables d\u2019aller plus loin qu\u2019on ne le croit.<br \/>\nJ\u2019ai imagin\u00e9 cette \u0153uvre alors que je me disputais avec Lise, ma compagne\u2026 car j\u2019ai souvent le sentiment de ramer pour la ramener aupr\u00e8s de moi, ramer pour apaiser la m\u00e8re.<\/p>\n<p>Oeuvre Unique \u00e0 l&rsquo;Encre et feutre \u00e0 alcool sur Bristol, sign\u00e9e, avec certificat d&rsquo;authenticit\u00e9.<\/p>\n<p><strong>Encadr\u00e9e par l&rsquo;artiste, ch\u00eane massif avec r\u00e9hausse, et verre qualit\u00e9 mus\u00e9e (reflet r\u00e9siduel bleut\u00e9).<\/strong><\/p>\n<p>2025<\/p>","protected":false},"excerpt":{"rendered":"<p>On parle souvent du calme avant la temp\u00eate, mais jamais du calme apr\u00e8s celle-ci. Not, ce petit \u00eatre qui vit dans mes toiles, continue d\u2019avancer, m\u00eame quand tout semble s\u2019\u00e9craser sur lui. Parce qu\u2019au fond, nous sommes tous dans la m\u00eame barque : fragiles, perdus parfois, mais capables d\u2019aller plus loin qu\u2019on ne le croit. J\u2019ai imagin\u00e9 cette \u0153uvre alors que je me disputais avec Lise, ma compagne\u2026 car j\u2019ai souvent le sentiment de ramer pour la ramener aupr\u00e8s de [&hellip;]<\/p>","protected":false},"featured_media":9462,"comment_status":"open","ping_status":"closed","template":"","meta":[],"product_brand":[],"product_cat":[28,58],"product_tag":[],"class_list":{"0":"post-9461","1":"product","2":"type-product","3":"status-publish","4":"has-post-thumbnail","6":"product_cat-dessins","7":"product_cat-oeuvres-uniques","9":"first","10":"instock","11":"shipping-taxable","12":"purchasable","13":"product-type-simple"},"yoast_head":"<!-- This site is optimized with the Yoast SEO plugin v26.6 - https:\/\/yoast.com\/wordpress\/plugins\/seo\/ -->\n<title>&quot;La M\u00e8re&quot;  Oeuvre Unique - Notseig<\/title>\n<meta name=\"robots\" content=\"index, follow, max-snippet:-1, max-image-preview:large, max-video-preview:-1\" \/>\n<link rel=\"canonical\" href=\"https:\/\/notseig.fr\/en\/product\/la-mere-oeuvre-unique\/\" \/>\n<meta property=\"og:locale\" content=\"en_US\" \/>\n<meta property=\"og:type\" content=\"article\" \/>\n<meta property=\"og:title\" content=\"&quot;La M\u00e8re&quot;  Oeuvre Unique - Notseig\" \/>\n<meta property=\"og:description\" content=\"On parle souvent du calme avant la temp\u00eate, mais jamais du calme apr\u00e8s celle-ci. Not, ce petit \u00eatre qui vit dans mes toiles, continue d\u2019avancer, m\u00eame quand tout semble s\u2019\u00e9craser sur lui. Parce qu\u2019au fond, nous sommes tous dans la m\u00eame barque : fragiles, perdus parfois, mais capables d\u2019aller plus loin qu\u2019on ne le croit. J\u2019ai imagin\u00e9 cette \u0153uvre alors que je me disputais avec Lise, ma compagne\u2026 car j\u2019ai souvent le sentiment de ramer pour la ramener aupr\u00e8s de [&hellip;]\" \/>\n<meta property=\"og:url\" content=\"https:\/\/notseig.fr\/en\/product\/la-mere-oeuvre-unique\/\" \/>\n<meta property=\"og:site_name\" content=\"Notseig\" \/>\n<meta property=\"article:modified_time\" content=\"2025-08-19T20:23:48+00:00\" \/>\n<meta property=\"og:image\" content=\"https:\/\/2o11nsbymvl.preview.infomaniak.website\/wp-content\/uploads\/2025\/08\/DSC3783-scaled.jpg\" \/>\n\t<meta property=\"og:image:width\" content=\"1200\" \/>\n\t<meta property=\"og:image:height\" content=\"1500\" \/>\n\t<meta property=\"og:image:type\" content=\"image\/jpeg\" \/>\n<meta name=\"twitter:card\" content=\"summary_large_image\" \/>\n<meta name=\"twitter:label1\" content=\"Est. reading time\" \/>\n\t<meta name=\"twitter:data1\" content=\"1 minute\" \/>\n<script type=\"application\/ld+json\" class=\"yoast-schema-graph\">{\"@context\":\"https:\/\/schema.org\",\"@graph\":[{\"@type\":\"WebPage\",\"@id\":\"https:\/\/notseig.fr\/produit\/la-mere-oeuvre-unique\/\",\"url\":\"https:\/\/notseig.fr\/produit\/la-mere-oeuvre-unique\/\",\"name\":\"\\\"La M\u00e8re\\\" Oeuvre Unique - Notseig\",\"isPartOf\":{\"@id\":\"https:\/\/notseig.fr\/#website\"},\"primaryImageOfPage\":{\"@id\":\"https:\/\/notseig.fr\/produit\/la-mere-oeuvre-unique\/#primaryimage\"},\"image\":{\"@id\":\"https:\/\/notseig.fr\/produit\/la-mere-oeuvre-unique\/#primaryimage\"},\"thumbnailUrl\":\"https:\/\/2o11nsbymvl.preview.infomaniak.website\/wp-content\/uploads\/2025\/08\/DSC3783-scaled.jpg\",\"datePublished\":\"2025-08-19T20:18:55+00:00\",\"dateModified\":\"2025-08-19T20:23:48+00:00\",\"breadcrumb\":{\"@id\":\"https:\/\/notseig.fr\/produit\/la-mere-oeuvre-unique\/#breadcrumb\"},\"inLanguage\":\"en-US\",\"potentialAction\":[{\"@type\":\"ReadAction\",\"target\":[\"https:\/\/notseig.fr\/produit\/la-mere-oeuvre-unique\/\"]}]},{\"@type\":\"ImageObject\",\"inLanguage\":\"en-US\",\"@id\":\"https:\/\/notseig.fr\/produit\/la-mere-oeuvre-unique\/#primaryimage\",\"url\":\"https:\/\/2o11nsbymvl.preview.infomaniak.website\/wp-content\/uploads\/2025\/08\/DSC3783-scaled.jpg\",\"contentUrl\":\"https:\/\/2o11nsbymvl.preview.infomaniak.website\/wp-content\/uploads\/2025\/08\/DSC3783-scaled.jpg\",\"width\":1200,\"height\":1500},{\"@type\":\"BreadcrumbList\",\"@id\":\"https:\/\/notseig.fr\/produit\/la-mere-oeuvre-unique\/#breadcrumb\",\"itemListElement\":[{\"@type\":\"ListItem\",\"position\":1,\"name\":\"Accueil\",\"item\":\"https:\/\/notseig.fr\/\"},{\"@type\":\"ListItem\",\"position\":2,\"name\":\"Produits\",\"item\":\"https:\/\/notseig.fr\/shop\/\"},{\"@type\":\"ListItem\",\"position\":3,\"name\":\"\u00ab\u00a0La M\u00e8re\u00a0\u00bb Oeuvre Unique\"}]},{\"@type\":\"WebSite\",\"@id\":\"https:\/\/notseig.fr\/#website\",\"url\":\"https:\/\/notseig.fr\/\",\"name\":\"Notseig\",\"description\":\"\",\"publisher\":{\"@id\":\"https:\/\/notseig.fr\/#\/schema\/person\/5bd818343fca3f6a29e95ee189439d8c\"},\"potentialAction\":[{\"@type\":\"SearchAction\",\"target\":{\"@type\":\"EntryPoint\",\"urlTemplate\":\"https:\/\/notseig.fr\/?s={search_term_string}\"},\"query-input\":{\"@type\":\"PropertyValueSpecification\",\"valueRequired\":true,\"valueName\":\"search_term_string\"}}],\"inLanguage\":\"en-US\"},{\"@type\":[\"Person\",\"Organization\"],\"@id\":\"https:\/\/notseig.fr\/#\/schema\/person\/5bd818343fca3f6a29e95ee189439d8c\",\"name\":\"Notseig\",\"image\":{\"@type\":\"ImageObject\",\"inLanguage\":\"en-US\",\"@id\":\"https:\/\/notseig.fr\/#\/schema\/person\/image\/\",\"url\":\"https:\/\/2o11nsbymvl.preview.infomaniak.website\/wp-content\/uploads\/2024\/09\/cropped-logo-2-scaled-1.jpg\",\"contentUrl\":\"https:\/\/2o11nsbymvl.preview.infomaniak.website\/wp-content\/uploads\/2024\/09\/cropped-logo-2-scaled-1.jpg\",\"width\":512,\"height\":512,\"caption\":\"Notseig\"},\"logo\":{\"@id\":\"https:\/\/notseig.fr\/#\/schema\/person\/image\/\"}}]}<\/script>\n<!-- \/ Yoast SEO plugin. -->","yoast_head_json":{"title":"\"La M\u00e8re\"  Oeuvre Unique - Notseig","robots":{"index":"index","follow":"follow","max-snippet":"max-snippet:-1","max-image-preview":"max-image-preview:large","max-video-preview":"max-video-preview:-1"},"canonical":"https:\/\/notseig.fr\/en\/product\/la-mere-oeuvre-unique\/","og_locale":"en_US","og_type":"article","og_title":"\"La M\u00e8re\"  Oeuvre Unique - Notseig","og_description":"On parle souvent du calme avant la temp\u00eate, mais jamais du calme apr\u00e8s celle-ci. Not, ce petit \u00eatre qui vit dans mes toiles, continue d\u2019avancer, m\u00eame quand tout semble s\u2019\u00e9craser sur lui. Parce qu\u2019au fond, nous sommes tous dans la m\u00eame barque : fragiles, perdus parfois, mais capables d\u2019aller plus loin qu\u2019on ne le croit. J\u2019ai imagin\u00e9 cette \u0153uvre alors que je me disputais avec Lise, ma compagne\u2026 car j\u2019ai souvent le sentiment de ramer pour la ramener aupr\u00e8s de [&hellip;]","og_url":"https:\/\/notseig.fr\/en\/product\/la-mere-oeuvre-unique\/","og_site_name":"Notseig","article_modified_time":"2025-08-19T20:23:48+00:00","og_image":[{"width":1200,"height":1500,"url":"https:\/\/2o11nsbymvl.preview.infomaniak.website\/wp-content\/uploads\/2025\/08\/DSC3783-scaled.jpg","type":"image\/jpeg"}],"twitter_card":"summary_large_image","twitter_misc":{"Est. reading time":"1 minute"},"schema":{"@context":"https:\/\/schema.org","@graph":[{"@type":"WebPage","@id":"https:\/\/notseig.fr\/produit\/la-mere-oeuvre-unique\/","url":"https:\/\/notseig.fr\/produit\/la-mere-oeuvre-unique\/","name":"\"La M\u00e8re\" Oeuvre Unique - Notseig","isPartOf":{"@id":"https:\/\/notseig.fr\/#website"},"primaryImageOfPage":{"@id":"https:\/\/notseig.fr\/produit\/la-mere-oeuvre-unique\/#primaryimage"},"image":{"@id":"https:\/\/notseig.fr\/produit\/la-mere-oeuvre-unique\/#primaryimage"},"thumbnailUrl":"https:\/\/2o11nsbymvl.preview.infomaniak.website\/wp-content\/uploads\/2025\/08\/DSC3783-scaled.jpg","datePublished":"2025-08-19T20:18:55+00:00","dateModified":"2025-08-19T20:23:48+00:00","breadcrumb":{"@id":"https:\/\/notseig.fr\/produit\/la-mere-oeuvre-unique\/#breadcrumb"},"inLanguage":"en-US","potentialAction":[{"@type":"ReadAction","target":["https:\/\/notseig.fr\/produit\/la-mere-oeuvre-unique\/"]}]},{"@type":"ImageObject","inLanguage":"en-US","@id":"https:\/\/notseig.fr\/produit\/la-mere-oeuvre-unique\/#primaryimage","url":"https:\/\/2o11nsbymvl.preview.infomaniak.website\/wp-content\/uploads\/2025\/08\/DSC3783-scaled.jpg","contentUrl":"https:\/\/2o11nsbymvl.preview.infomaniak.website\/wp-content\/uploads\/2025\/08\/DSC3783-scaled.jpg","width":1200,"height":1500},{"@type":"BreadcrumbList","@id":"https:\/\/notseig.fr\/produit\/la-mere-oeuvre-unique\/#breadcrumb","itemListElement":[{"@type":"ListItem","position":1,"name":"Accueil","item":"https:\/\/notseig.fr\/"},{"@type":"ListItem","position":2,"name":"Produits","item":"https:\/\/notseig.fr\/shop\/"},{"@type":"ListItem","position":3,"name":"\u00ab\u00a0La M\u00e8re\u00a0\u00bb Oeuvre Unique"}]},{"@type":"WebSite","@id":"https:\/\/notseig.fr\/#website","url":"https:\/\/notseig.fr\/","name":"Notseig","description":"","publisher":{"@id":"https:\/\/notseig.fr\/#\/schema\/person\/5bd818343fca3f6a29e95ee189439d8c"},"potentialAction":[{"@type":"SearchAction","target":{"@type":"EntryPoint","urlTemplate":"https:\/\/notseig.fr\/?s={search_term_string}"},"query-input":{"@type":"PropertyValueSpecification","valueRequired":true,"valueName":"search_term_string"}}],"inLanguage":"en-US"},{"@type":["Person","Organization"],"@id":"https:\/\/notseig.fr\/#\/schema\/person\/5bd818343fca3f6a29e95ee189439d8c","name":"Notseig","image":{"@type":"ImageObject","inLanguage":"en-US","@id":"https:\/\/notseig.fr\/#\/schema\/person\/image\/","url":"https:\/\/2o11nsbymvl.preview.infomaniak.website\/wp-content\/uploads\/2024\/09\/cropped-logo-2-scaled-1.jpg","contentUrl":"https:\/\/2o11nsbymvl.preview.infomaniak.website\/wp-content\/uploads\/2024\/09\/cropped-logo-2-scaled-1.jpg","width":512,"height":512,"caption":"Notseig"},"logo":{"@id":"https:\/\/notseig.fr\/#\/schema\/person\/image\/"}}]}},"_links":{"self":[{"href":"https:\/\/notseig.fr\/en\/wp-json\/wp\/v2\/product\/9461","targetHints":{"allow":["GET"]}}],"collection":[{"href":"https:\/\/notseig.fr\/en\/wp-json\/wp\/v2\/product"}],"about":[{"href":"https:\/\/notseig.fr\/en\/wp-json\/wp\/v2\/types\/product"}],"replies":[{"embeddable":true,"href":"https:\/\/notseig.fr\/en\/wp-json\/wp\/v2\/comments?post=9461"}],"version-history":[{"count":2,"href":"https:\/\/notseig.fr\/en\/wp-json\/wp\/v2\/product\/9461\/revisions"}],"predecessor-version":[{"id":9468,"href":"https:\/\/notseig.fr\/en\/wp-json\/wp\/v2\/product\/9461\/revisions\/9468"}],"wp:featuredmedia":[{"embeddable":true,"href":"https:\/\/notseig.fr\/en\/wp-json\/wp\/v2\/media\/9462"}],"wp:attachment":[{"href":"https:\/\/notseig.fr\/en\/wp-json\/wp\/v2\/media?parent=9461"}],"wp:term":[{"taxonomy":"product_brand","embeddable":true,"href":"https:\/\/notseig.fr\/en\/wp-json\/wp\/v2\/product_brand?post=9461"},{"taxonomy":"product_cat","embeddable":true,"href":"https:\/\/notseig.fr\/en\/wp-json\/wp\/v2\/product_cat?post=9461"},{"taxonomy":"product_tag","embeddable":true,"href":"https:\/\/notseig.fr\/en\/wp-json\/wp\/v2\/product_tag?post=9461"}],"curies":[{"name":"wp","href":"https:\/\/api.w.org\/{rel}","templated":true}]}}